{"id":18339,"date":"2023-05-11T07:10:29","date_gmt":"2023-05-11T07:10:29","guid":{"rendered":"https:\/\/demos.codezeel.com\/wordpress\/WCM05\/WCM050122\/?post_type=product&#038;p=18339"},"modified":"2024-04-11T19:26:26","modified_gmt":"2024-04-11T19:26:26","slug":"carroceria-para-mudanza","status":"publish","type":"product","link":"https:\/\/remolquesdiaz.com.mx\/online\/product\/carroceria-para-mudanza\/","title":{"rendered":"Carrocer\u00eda ideal para muebles o mudanza"},"content":{"rendered":"<p>Carrocer\u00eda ideal para muebles o mudanza, cotizala a la medida seg\u00fan t\u00fa necesidad.<\/p>\n","protected":false},"excerpt":{"rendered":"<p>Carrocer\u00eda ideal para muebles o mudanza, cotizala a la medida seg\u00fan t\u00fa necesidad.<br \/>\nTodas nuestras carrocer\u00edas cuentan con piso de madera y sobre madera l\u00e1mina antiderrapante, as\u00ed como tambi\u00e9n lleva madera entre chasis y carrocer\u00eda para evitar vibraci\u00f3n.<\/p>\n","protected":false},"featured_media":19779,"comment_status":"open","ping_status":"closed","template":"","meta":{"_tbt_post_transparent":"default","_tbt_post_title":"","_tbt_post_layout":"default","_tbt_post_sidebar_id":"","_tbt_post_content_style":"default","_tbt_post_vertical_padding":"default","_tbt_post_feature":"","_tbt_post_feature_position":"","_tbt_post_header":false,"_tbt_post_footer":false},"product_cat":[38],"product_tag":[63],"class_list":{"0":"post-18339","1":"product","2":"type-product","3":"status-publish","4":"has-post-thumbnail","6":"product_cat-carroceria-ver","7":"product_tag-nuevo","9":"first","10":"instock","11":"downloadable","12":"shipping-taxable","13":"product-type-simple","14":"entry","15":"content-bg","16":"loop-entry"},"_links":{"self":[{"href":"https:\/\/remolquesdiaz.com.mx\/online\/wp-json\/wp\/v2\/product\/18339","targetHints":{"allow":["GET"]}}],"collection":[{"href":"https:\/\/remolquesdiaz.com.mx\/online\/wp-json\/wp\/v2\/product"}],"about":[{"href":"https:\/\/remolquesdiaz.com.mx\/online\/wp-json\/wp\/v2\/types\/product"}],"replies":[{"embeddable":true,"href":"https:\/\/remolquesdiaz.com.mx\/online\/wp-json\/wp\/v2\/comments?post=18339"}],"version-history":[{"count":4,"href":"https:\/\/remolquesdiaz.com.mx\/online\/wp-json\/wp\/v2\/product\/18339\/revisions"}],"predecessor-version":[{"id":20115,"href":"https:\/\/remolquesdiaz.com.mx\/online\/wp-json\/wp\/v2\/product\/18339\/revisions\/20115"}],"wp:featuredmedia":[{"embeddable":true,"href":"https:\/\/remolquesdiaz.com.mx\/online\/wp-json\/wp\/v2\/media\/19779"}],"wp:attachment":[{"href":"https:\/\/remolquesdiaz.com.mx\/online\/wp-json\/wp\/v2\/media?parent=18339"}],"wp:term":[{"taxonomy":"product_cat","embeddable":true,"href":"https:\/\/remolquesdiaz.com.mx\/online\/wp-json\/wp\/v2\/product_cat?post=18339"},{"taxonomy":"product_tag","embeddable":true,"href":"https:\/\/remolquesdiaz.com.mx\/online\/wp-json\/wp\/v2\/product_tag?post=18339"}],"curies":[{"name":"wp","href":"https:\/\/api.w.org\/{rel}","templated":true}]}}